{"id":70,"date":"2016-10-27T09:28:48","date_gmt":"2016-10-27T07:28:48","guid":{"rendered":"http:\/\/localhost\/biologi\/?page_id=70"},"modified":"2025-02-24T20:22:16","modified_gmt":"2025-02-24T19:22:16","slug":"rapportering","status":"publish","type":"page","link":"https:\/\/elearning.uia.no\/ml205\/manuelle-tester\/rapportering\/","title":{"rendered":"Rapport og oppgaver"},"content":{"rendered":"<p>Rapport leveres innen en uke etter \u00f8velsen. Dere finner mal for rapport i Canvas.&nbsp;<\/p>\n<p>Rapporten skal inneholde:&nbsp;<\/p>\n<ul>\n<li>Alle analyseresultater dere har utf\u00f8rt p\u00e5 labben (inkludert vurderinger)<\/li>\n<li>Besvarelse p\u00e5 oppgaver&nbsp;(se nedenfor)<\/li>\n<\/ul>\n<h3>Oppgaver<\/h3>\n<ol>\n<li>Hvor befinner leukocyttene seg etter sentrifugering av fullblod ved EVF analysen?<\/li>\n<li>Diskut\u00e9r hvorfor det er klinisk relevant \u00e5 avklare om trombocyttene ligger enkeltvis eller i aggregatform.<\/li>\n<li>Du f\u00e5r et trombocyttresultat p\u00e5 90 x10<sup>9<\/sup>\/L p\u00e5 en pasient. Hva gj\u00f8r du?<\/li>\n<li>Nevn fordeler og ulemper med hver av de tre metodene dere har benyttet for kvalitativ unders\u00f8kelse av trombocyttaggregater. Sett gjerne opp som stikkord i en tabell.&nbsp; (Her kan denne artikkelen v\u00e6re til hjelp: <a href=\"https:\/\/bioingenioren.no\/fag\/fag-originalartikkel\/sammenlikning-av-tre-metoder-for-pavisning-av-trombocyttaggregater-ved-utredning-av-trombocytopeni\/\" target=\"_blank\" rel=\"noopener noreferrer\">Sammenlikning av tre metoder for p\u00e5visning av trombocytt-aggregater ved utredning av trombocytopeni<\/a>)<\/li>\n<\/ol>\n","protected":false},"excerpt":{"rendered":"<p>Rapport leveres innen en uke etter \u00f8velsen. Dere finner mal for rapport i Canvas.&nbsp; Rapporten skal inneholde:&nbsp; Alle analyseresultater dere har utf\u00f8rt p\u00e5 labben (inkludert vurderinger) Besvarelse p\u00e5 oppgaver&nbsp;(se nedenfor) Oppgaver Hvor befinner leukocyttene seg etter sentrifugering av fullblod ved<span class=\"ellipsis\">&hellip;<\/span><\/p>\n<div class=\"read-more\"><a href=\"https:\/\/elearning.uia.no\/ml205\/manuelle-tester\/rapportering\/\">Read more <span class=\"screen-reader-text\">Rapport og oppgaver<\/span><span class=\"meta-nav\"> &#8250;<\/span><\/a><\/div>\n<p><!-- end of .read-more --><\/p>\n","protected":false},"author":5,"featured_media":0,"parent":59,"menu_order":5,"comment_status":"closed","ping_status":"closed","template":"","meta":{"footnotes":""},"class_list":["post-70","page","type-page","status-publish","hentry"],"_links":{"self":[{"href":"https:\/\/elearning.uia.no\/ml205\/wp-json\/wp\/v2\/pages\/70","targetHints":{"allow":["GET"]}}],"collection":[{"href":"https:\/\/elearning.uia.no\/ml205\/wp-json\/wp\/v2\/pages"}],"about":[{"href":"https:\/\/elearning.uia.no\/ml205\/wp-json\/wp\/v2\/types\/page"}],"author":[{"embeddable":true,"href":"https:\/\/elearning.uia.no\/ml205\/wp-json\/wp\/v2\/users\/5"}],"replies":[{"embeddable":true,"href":"https:\/\/elearning.uia.no\/ml205\/wp-json\/wp\/v2\/comments?post=70"}],"version-history":[{"count":12,"href":"https:\/\/elearning.uia.no\/ml205\/wp-json\/wp\/v2\/pages\/70\/revisions"}],"predecessor-version":[{"id":2054,"href":"https:\/\/elearning.uia.no\/ml205\/wp-json\/wp\/v2\/pages\/70\/revisions\/2054"}],"up":[{"embeddable":true,"href":"https:\/\/elearning.uia.no\/ml205\/wp-json\/wp\/v2\/pages\/59"}],"wp:attachment":[{"href":"https:\/\/elearning.uia.no\/ml205\/wp-json\/wp\/v2\/media?parent=70"}],"curies":[{"name":"wp","href":"https:\/\/api.w.org\/{rel}","templated":true}]}}