{"id":68,"date":"2016-10-27T09:28:29","date_gmt":"2016-10-27T07:28:29","guid":{"rendered":"http:\/\/localhost\/biologi\/?page_id=68"},"modified":"2021-01-07T14:27:39","modified_gmt":"2021-01-07T13:27:39","slug":"feilkilder","status":"publish","type":"page","link":"https:\/\/elearning.uia.no\/ml205\/manuelle-tester\/feilkilder\/","title":{"rendered":"Feilkilder"},"content":{"rendered":"<p><strong>Hematokrit\/EVF:<\/strong> Trombocyttaggregater, kuldeagglutininer, avlesningsfeil.<\/p>\n<p><strong>Trombocytter:<\/strong> Falskt for lave verdier (pseudotrombocyopeni) m\u00e5les ved in vitro trombocyttaggregering, som regel for\u00e5rsaket av antistoffer som er aktive i n\u00e6rv\u00e6r av EDTA.<\/p>\n<p><em>Ved manuell telling av trombocytter:<\/em><\/p>\n<ul>\n<li>Trombocyttaggregater\/kuldeaggregering kan vanskeliggj\u00f8re telling.<\/li>\n<li>Forurensing i fortynningsv\u00e6sken kan mistolkes som trombocytter.<\/li>\n<li>Forurensing i tellekammeret kan mistolkes som trombocytter.<\/li>\n<li>Etterfylling av tellekammeret kan f\u00f8re til ujevn fordeling av trombocyttene.<\/li>\n<\/ul>\n<p>&nbsp;<\/p>\n<p><strong>Senkningsreaksjon (SR):<\/strong> Falskt for h\u00f8ye verdier kan forekomme n\u00e5r senkningsr\u00f8ret st\u00e5r skjevt eller er satt opp i rom med h\u00f8y temperatur. For lite blod i forhold til citratmengden, koagler i pr\u00f8ven eller lav romtemperatur vil gi falskt lav b-SR. Hyperlipidemi, dextraninfusjon og kuldeagglutininer kan \u00f8ke b-SR.<\/p>\n","protected":false},"excerpt":{"rendered":"<p>Hematokrit\/EVF: Trombocyttaggregater, kuldeagglutininer, avlesningsfeil. Trombocytter: Falskt for lave verdier (pseudotrombocyopeni) m\u00e5les ved in vitro trombocyttaggregering, som regel for\u00e5rsaket av antistoffer som er aktive i n\u00e6rv\u00e6r av EDTA. Ved manuell telling av trombocytter: Trombocyttaggregater\/kuldeaggregering kan vanskeliggj\u00f8re telling. Forurensing i fortynningsv\u00e6sken kan<span class=\"ellipsis\">&hellip;<\/span><\/p>\n<div class=\"read-more\"><a href=\"https:\/\/elearning.uia.no\/ml205\/manuelle-tester\/feilkilder\/\">Read more <span class=\"screen-reader-text\">Feilkilder<\/span><span class=\"meta-nav\"> &#8250;<\/span><\/a><\/div>\n<p><!-- end of .read-more --><\/p>\n","protected":false},"author":5,"featured_media":0,"parent":59,"menu_order":4,"comment_status":"closed","ping_status":"closed","template":"","meta":{"footnotes":""},"class_list":["post-68","page","type-page","status-publish","hentry"],"_links":{"self":[{"href":"https:\/\/elearning.uia.no\/ml205\/wp-json\/wp\/v2\/pages\/68","targetHints":{"allow":["GET"]}}],"collection":[{"href":"https:\/\/elearning.uia.no\/ml205\/wp-json\/wp\/v2\/pages"}],"about":[{"href":"https:\/\/elearning.uia.no\/ml205\/wp-json\/wp\/v2\/types\/page"}],"author":[{"embeddable":true,"href":"https:\/\/elearning.uia.no\/ml205\/wp-json\/wp\/v2\/users\/5"}],"replies":[{"embeddable":true,"href":"https:\/\/elearning.uia.no\/ml205\/wp-json\/wp\/v2\/comments?post=68"}],"version-history":[{"count":3,"href":"https:\/\/elearning.uia.no\/ml205\/wp-json\/wp\/v2\/pages\/68\/revisions"}],"predecessor-version":[{"id":1623,"href":"https:\/\/elearning.uia.no\/ml205\/wp-json\/wp\/v2\/pages\/68\/revisions\/1623"}],"up":[{"embeddable":true,"href":"https:\/\/elearning.uia.no\/ml205\/wp-json\/wp\/v2\/pages\/59"}],"wp:attachment":[{"href":"https:\/\/elearning.uia.no\/ml205\/wp-json\/wp\/v2\/media?parent=68"}],"curies":[{"name":"wp","href":"https:\/\/api.w.org\/{rel}","templated":true}]}}