{"id":66,"date":"2016-10-27T09:27:59","date_gmt":"2016-10-27T07:27:59","guid":{"rendered":"http:\/\/localhost\/biologi\/?page_id=66"},"modified":"2023-02-28T15:54:19","modified_gmt":"2023-02-28T14:54:19","slug":"utforelse","status":"publish","type":"page","link":"https:\/\/elearning.uia.no\/ml205\/manuelle-tester\/utforelse\/","title":{"rendered":"Utf\u00f8relse"},"content":{"rendered":"<p><strong>EVF &#8211; &nbsp;HEMATOKRIT (HCT)<\/strong><\/p>\n<table width=\"644\">\n<tbody>\n<tr>\n<td width=\"163\">Pr\u00f8vemateriale<\/td>\n<td width=\"481\">EDTA-blod<\/td>\n<\/tr>\n<tr>\n<td width=\"163\">Pr\u00f8vemengde<\/td>\n<td width=\"481\">Cirka 60 uL<\/td>\n<\/tr>\n<tr>\n<td width=\"163\">Pr\u00f8vebehandling<\/td>\n<td width=\"481\">Unng\u00e5 langvarig stase ved pr\u00f8vetaking. &nbsp;<\/td>\n<\/tr>\n<tr>\n<td width=\"163\">Holdbarhet&nbsp;&nbsp;&nbsp;&nbsp;<\/td>\n<td width=\"481\">Analysen b\u00f8r utf\u00f8res innen 24 timer etter pr\u00f8vetaking<\/td>\n<\/tr>\n<tr>\n<td width=\"163\">Utstyr<\/td>\n<td width=\"481\">Hematokrit-r\u00f8r (heparinisert), kitt, hematokrit-sentrifuge, avlesningstabell eller linjal.<\/td>\n<\/tr>\n<\/tbody>\n<\/table>\n<p>&nbsp;<\/p>\n<ol>\n<li>Merk et hematokrit-r\u00f8r med initialer (tusj), og fyll det med EDTA-blod til det er igjen cirka 0,5 cm uten blod i den ene enden. Hold pekefingeren p\u00e5 enden av r\u00f8ret, t\u00f8rk av r\u00f8ret utvendig med tupfer.<\/li>\n<li>Tett den enden som er uten blod med kitt. Hold hematokrit-r\u00f8ret horisontalt slik at blodet ikke renner ut.<\/li>\n<li>Plasser r\u00f8ret i hematokrit-sentrifugen med kittpluggen ytterst (utfra senter) og skru fast dekselet p\u00e5 rotoren (pass p\u00e5 \u00e5 plassere r\u00f8r diagonalt ovenfor hverandre for \u00e5 balansere).<\/li>\n<li>Sentrifuger ved 10 000 rpm i 3 minutter hvis du bruker sentrifugen Biofuge haemo. Sentrifuger ved 12000xg (11200 rpm) i 3 minutter hvis du bruker Pico17 Thermo Scientific sentrifugen.<\/li>\n<li>Avlesning foreg\u00e5r enten ved hjelp av hematokrit-diagram eller linjal. Med linjal&nbsp;m\u00e5les lengdene a og b, regn ut a\/(a+b).<\/li>\n<\/ol>\n<p><img decoding=\"async\" class=\"size-medium wp-image-670 aligncenter\" src=\"https:\/\/elearning.uia.no\/ml205\/wp-content\/uploads\/sites\/4\/2016\/10\/hct-300x55.jpg\" alt=\"\" width=\"300\" height=\"55\" srcset=\"https:\/\/elearning.uia.no\/ml205\/wp-content\/uploads\/sites\/4\/2016\/10\/hct-300x55.jpg 300w, https:\/\/elearning.uia.no\/ml205\/wp-content\/uploads\/sites\/4\/2016\/10\/hct-768x140.jpg 768w, https:\/\/elearning.uia.no\/ml205\/wp-content\/uploads\/sites\/4\/2016\/10\/hct-100x18.jpg 100w, https:\/\/elearning.uia.no\/ml205\/wp-content\/uploads\/sites\/4\/2016\/10\/hct-150x27.jpg 150w, https:\/\/elearning.uia.no\/ml205\/wp-content\/uploads\/sites\/4\/2016\/10\/hct-200x36.jpg 200w, https:\/\/elearning.uia.no\/ml205\/wp-content\/uploads\/sites\/4\/2016\/10\/hct-450x82.jpg 450w, https:\/\/elearning.uia.no\/ml205\/wp-content\/uploads\/sites\/4\/2016\/10\/hct-600x109.jpg 600w, https:\/\/elearning.uia.no\/ml205\/wp-content\/uploads\/sites\/4\/2016\/10\/hct.jpg 889w\" sizes=\"(max-width: 300px) 100vw, 300px\" \/><\/p>\n<p>&nbsp;<\/p>\n<p><iframe title=\"Manuell m\u00e5ling av EVF\" width=\"750\" height=\"422\" src=\"https:\/\/www.youtube.com\/embed\/CVZ3uHkEkFA?feature=oembed\" frameborder=\"0\" allow=\"accelerometer; autoplay; clipboard-write; encrypted-media; gyroscope; picture-in-picture\" allowfullscreen><\/iframe><\/p>\n<p>Videoen er utarbeidet ved H\u00f8yskolen i Bergen.<\/p>\n<p>&nbsp;<\/p>\n<p>&nbsp;<\/p>\n<p><strong>MANUELL TELLING AV Trombocytter (TPK)<\/strong><\/p>\n<table width=\"644\">\n<tbody>\n<tr>\n<td width=\"163\">Pr\u00f8vemateriale<\/td>\n<td width=\"475\">EDTA-blod eller Na-citrat-blod<\/td>\n<\/tr>\n<tr>\n<td width=\"163\">Pr\u00f8vemengde<\/td>\n<td width=\"475\">25uL<\/td>\n<\/tr>\n<tr>\n<td width=\"163\">Pr\u00f8vebehandling<\/td>\n<td width=\"475\">Unng\u00e5 langvarig stase ved pr\u00f8vetaking. Pr\u00f8ven b\u00f8r st\u00e5 i ro i 15 minutter etter pr\u00f8vetaking.<\/td>\n<\/tr>\n<tr>\n<td width=\"163\">Holdbarhet&nbsp;&nbsp;&nbsp;&nbsp;<\/td>\n<td width=\"475\">72 timer i romtemperatur<\/td>\n<\/tr>\n<tr>\n<td width=\"163\">Utstyr\/reagenser<\/td>\n<td width=\"475\">Automatpipette og tipper, tupfer, 1% ammoniumoksalat-l\u00f8sning, B\u03cbrkers tellekammer med dekkglass, kapill\u00e6rr\u00f8r, fuktekammer og mikroskop med fasekontrast.<\/td>\n<\/tr>\n<\/tbody>\n<\/table>\n<p>&nbsp;&nbsp;&nbsp;&nbsp;&nbsp;&nbsp;&nbsp;<\/p>\n<ol>\n<li>25 \u03bcl EDTA- blod overf\u00f8res med automatpipette til r\u00f8r med 475 \u03bcl ammoniumoksalat. T\u00f8rk av blod p\u00e5 utsiden av pipetten med tupfer.<\/li>\n<li>Skyll tippen godt ved \u00e5 resuspendere opp\/ned 4-5 ganger (ikke bland mot kork). Unng\u00e5 skum og luftbobler.<\/li>\n<li>La glasset st\u00e5 i 10 minutter for fullstendig hemolysering.<\/li>\n<li>Bland i cirka 2 minutter p\u00e5 rulle.<\/li>\n<li>Overf\u00f8r litt av blandingen til B\u00fcrker tellekammer ved hjelp av et kapill\u00e6rr\u00f8r rett etter blanding. Unng\u00e5 etterfylling. Tilsett pr\u00f8ve p\u00e5 begge sidene av kammeret.<\/li>\n<li>Legg tellekammeret i fuktekammer i 15 min.<\/li>\n<li>Tell 16 CD-ruter i tellekammer i fasekontrastmikroskop. Ved verdier &lt;50 b\u00f8r man telle flere ruter enn angitt.<\/li>\n<li>Vask tellekammeret og dekkglasset godt etter bruk med zalovann, skyll i destillert vann og t\u00f8rk med lofritt materiale.<\/li>\n<li>Utregning ved telling av 16 CD ruter: Telletallet = antall trombocytter x 10<sup>9<\/sup>\/L<\/li>\n<\/ol>\n<p>&nbsp;<\/p>\n<p><iframe title=\"Telling av celler med Bu\u0308rkers tellekammer\" width=\"750\" height=\"422\" src=\"https:\/\/www.youtube.com\/embed\/nB-j3Dwzuds?feature=oembed\" frameborder=\"0\" allow=\"accelerometer; autoplay; clipboard-write; encrypted-media; gyroscope; picture-in-picture\" allowfullscreen><\/iframe><\/p>\n<p><iframe title=\"Manuell telling av TPK\" width=\"750\" height=\"422\" src=\"https:\/\/www.youtube.com\/embed\/MNT1gA0Bbus?feature=oembed\" frameborder=\"0\" allow=\"accelerometer; autoplay; clipboard-write; encrypted-media; gyroscope; picture-in-picture\" allowfullscreen><\/iframe><\/p>\n<p>Videoene er utarbeidet ved H\u00f8yskolen i Bergen.<\/p>\n<p>&nbsp;<\/p>\n<p><strong>UNDERS\u00d8KELSE AV TROMBOCYTTAGGREGATER I FULLBLOD OG PLASMA<\/strong><\/p>\n<table width=\"644\">\n<tbody>\n<tr>\n<td width=\"163\">Pr\u00f8vemateriale<\/td>\n<td width=\"481\">EDTA-blod eller Na-citrat-blod<\/td>\n<\/tr>\n<tr>\n<td width=\"163\">Pr\u00f8vemengde<\/td>\n<td width=\"481\">Cirka 10 uL<\/td>\n<\/tr>\n<tr>\n<td width=\"163\">Pr\u00f8vebehandling<\/td>\n<td width=\"481\">Unng\u00e5 langvarig stase ved pr\u00f8vetaking. Pr\u00f8ven b\u00f8r st\u00e5 i ro i 15 minutter etter pr\u00f8vetaking.<\/td>\n<\/tr>\n<tr>\n<td width=\"163\">Holdbarhet&nbsp;&nbsp;&nbsp;&nbsp;<\/td>\n<td width=\"481\">72 timer i romtemperatur<\/td>\n<\/tr>\n<tr>\n<td width=\"163\">Utstyr\/reagenser<\/td>\n<td width=\"481\">Automatpipette med tipper, Kapill\u00e6rr\u00f8r, Objektglass, Dekkglass, Lysmikroskop\/Fasekontrastmikroskop<\/td>\n<\/tr>\n<\/tbody>\n<\/table>\n<p>&nbsp;<\/p>\n<p>I denne \u00f8velsen skal det anvendes flere metoder for unders\u00f8kelse av trombocyttaggregater. Normalt vil man f\u00f8rst unders\u00f8ke i fullblod. Dersom man ikke ser aggregater i fullblod vil man videre unders\u00f8ke platerikt plasma. Blodutstryk kan benyttes dersom man fremdeles er usikker.&nbsp;<\/p>\n<p><strong>I FULLBLOD:<\/strong><\/p>\n<ol>\n<li>Bland EDTA- glasset (evt. citrat-glasset) godt.<\/li>\n<li>Legg en liten dr\u00e5pe blod (ca 5 uL holder) p\u00e5 objektglasset, legg dekkglass over.<\/li>\n<li>Benytt fasekontrastmikroskop (evt vanlig mikroskop) innstilt p\u00e5 40x til \u00e5 unders\u00f8ke om det er trombocyttaggregater tilstede. Trombocyttene skal ligge hver for seg mellom erytrocyttene, hvis trombocyttene henger sammen, minimum 3 stk flere steder i preparatet, er det trombocyttaggregater i pr\u00f8ven.<\/li>\n<\/ol>\n<p>&nbsp;<\/p>\n<p><strong>I PLATERIKT PLASMA:<\/strong><\/p>\n<ol>\n<li>Bland EDTA- glasset (evt. citrat-glasset) godt.<\/li>\n<li>L\u00f8sne korken fra glasset og sett pr\u00f8ven i et stativ i cirka 20 minutter (slik at cellene synker).<\/li>\n<li>Pipetter en liten dr\u00e5pe platerikt plasma (ca 5 uL holder) fra sjiktet helt ned mot blodlegemene p\u00e5 et objektglass og legg et dekkglass over.<\/li>\n<li>Benytt vanlig mikroskop (evt. fasekontrastmikroskop) innstilt p\u00e5 40x til \u00e5 unders\u00f8ke om det er trombocyttaggregater tilstede i plasma. Kriteriene for vurdering er samme som i fullblod.<\/li>\n<\/ol>\n<p>&nbsp;<\/p>\n<p><strong>SENKNINGSREAKSJON (SR)<\/strong><\/p>\n<table width=\"644\">\n<tbody>\n<tr>\n<td width=\"163\">Pr\u00f8vemateriale<\/td>\n<td width=\"481\">Spesialr\u00f8r, Na-citrat med sort kork<\/td>\n<\/tr>\n<tr>\n<td width=\"163\">Pr\u00f8vemengde<\/td>\n<td width=\"481\">Ett r\u00f8r<\/td>\n<\/tr>\n<tr>\n<td width=\"163\">Pr\u00f8vebehandling<\/td>\n<td width=\"481\">Pr\u00f8ven blandes grundig ved \u00e5 vende opp\/ned 10 ganger umiddelbart etter pr\u00f8vetaking.<\/td>\n<\/tr>\n<tr>\n<td width=\"163\">Holdbarhet&nbsp;&nbsp;&nbsp;&nbsp;<\/td>\n<td width=\"481\">2 timer etter pr\u00f8vetaking<\/td>\n<\/tr>\n<tr>\n<td width=\"163\">Utstyr\/reagenser<\/td>\n<td width=\"481\">Spesialstativ for oppsett og avlesning<\/td>\n<\/tr>\n<\/tbody>\n<\/table>\n<p>&nbsp;<\/p>\n<ol>\n<li>Pr\u00f8ven blandes ved \u00e5 vende opp\/ned 10 ganger rett f\u00f8r oppsett.<\/li>\n<li>Plasser r\u00f8ret i stativet<\/li>\n<li>Avleses etter n\u00f8yaktig en time ved \u00e5 bruke gradert millimeterskala p\u00e5 stativet. P\u00e5 grunn av overflatespenninger stiger v\u00e6sken litt mot glass\u00f8ylens vegg slik at det dannes en fordypning i midten av s\u00f8ylen (menisk). SR-verdien leses av i bunnen av menisken.<\/li>\n<\/ol>\n<p>&nbsp;<\/p>\n","protected":false},"excerpt":{"rendered":"<p>EVF &#8211; &nbsp;HEMATOKRIT (HCT) Pr\u00f8vemateriale EDTA-blod Pr\u00f8vemengde Cirka 60 uL Pr\u00f8vebehandling Unng\u00e5 langvarig stase ved pr\u00f8vetaking. &nbsp; Holdbarhet&nbsp;&nbsp;&nbsp;&nbsp; Analysen b\u00f8r utf\u00f8res innen 24 timer etter pr\u00f8vetaking Utstyr Hematokrit-r\u00f8r (heparinisert), kitt, hematokrit-sentrifuge, avlesningstabell eller linjal. &nbsp; Merk et hematokrit-r\u00f8r med initialer<span class=\"ellipsis\">&hellip;<\/span><\/p>\n<div class=\"read-more\"><a href=\"https:\/\/elearning.uia.no\/ml205\/manuelle-tester\/utforelse\/\">Read more <span class=\"screen-reader-text\">Utf\u00f8relse<\/span><span class=\"meta-nav\"> &#8250;<\/span><\/a><\/div>\n<p><!-- end of .read-more --><\/p>\n","protected":false},"author":5,"featured_media":0,"parent":59,"menu_order":3,"comment_status":"closed","ping_status":"closed","template":"","meta":{"footnotes":""},"class_list":["post-66","page","type-page","status-publish","hentry"],"_links":{"self":[{"href":"https:\/\/elearning.uia.no\/ml205\/wp-json\/wp\/v2\/pages\/66","targetHints":{"allow":["GET"]}}],"collection":[{"href":"https:\/\/elearning.uia.no\/ml205\/wp-json\/wp\/v2\/pages"}],"about":[{"href":"https:\/\/elearning.uia.no\/ml205\/wp-json\/wp\/v2\/types\/page"}],"author":[{"embeddable":true,"href":"https:\/\/elearning.uia.no\/ml205\/wp-json\/wp\/v2\/users\/5"}],"replies":[{"embeddable":true,"href":"https:\/\/elearning.uia.no\/ml205\/wp-json\/wp\/v2\/comments?post=66"}],"version-history":[{"count":38,"href":"https:\/\/elearning.uia.no\/ml205\/wp-json\/wp\/v2\/pages\/66\/revisions"}],"predecessor-version":[{"id":1788,"href":"https:\/\/elearning.uia.no\/ml205\/wp-json\/wp\/v2\/pages\/66\/revisions\/1788"}],"up":[{"embeddable":true,"href":"https:\/\/elearning.uia.no\/ml205\/wp-json\/wp\/v2\/pages\/59"}],"wp:attachment":[{"href":"https:\/\/elearning.uia.no\/ml205\/wp-json\/wp\/v2\/media?parent=66"}],"curies":[{"name":"wp","href":"https:\/\/api.w.org\/{rel}","templated":true}]}}