{"id":62,"date":"2016-10-27T09:26:29","date_gmt":"2016-10-27T07:26:29","guid":{"rendered":"http:\/\/localhost\/biologi\/?page_id=62"},"modified":"2021-01-07T14:24:41","modified_gmt":"2021-01-07T13:24:41","slug":"laeringsmal-2","status":"publish","type":"page","link":"https:\/\/elearning.uia.no\/ml205\/manuelle-tester\/laeringsmal-2\/","title":{"rendered":"L\u00e6ringsm\u00e5l"},"content":{"rendered":"<p>I samspill med teoriundervisningen og etter at \u00f8velsen er innrapportert skal studenten v\u00e6re i stand til \u00e5:<\/p>\n<ul>\n<li>Forklare prinsippet og fremgangsm\u00e5te for manuell analysering av EVF (hematokrit).<\/li>\n<\/ul>\n<ul>\n<li>Gjennomf\u00f8re og forst\u00e5 nytten av \u00e5 observere trombocytter&nbsp;med f\u00f8lgende metoder; Fullblod, Platerikt plasma og Blodutstryk.<\/li>\n<\/ul>\n<ul>\n<li>Redegj\u00f8re for problematikken rundt \u00abPseudotrombocytopeni\u00bb\/trombocytopeni og mulige konsekvenser av disse tilstandene.<\/li>\n<\/ul>\n<ul>\n<li>Gjennomf\u00f8re og forst\u00e5 prinsippet for manuell telling av trombocytter.<\/li>\n<\/ul>\n<ul>\n<li>Gj\u00f8re rede for prinsippet for analysen Senkningsreaksjon (SR) og dens anvendelse.<\/li>\n<\/ul>\n","protected":false},"excerpt":{"rendered":"<p>I samspill med teoriundervisningen og etter at \u00f8velsen er innrapportert skal studenten v\u00e6re i stand til \u00e5: Forklare prinsippet og fremgangsm\u00e5te for manuell analysering av EVF (hematokrit). Gjennomf\u00f8re og forst\u00e5 nytten av \u00e5 observere trombocytter&nbsp;med f\u00f8lgende metoder; Fullblod, Platerikt plasma<span class=\"ellipsis\">&hellip;<\/span><\/p>\n<div class=\"read-more\"><a href=\"https:\/\/elearning.uia.no\/ml205\/manuelle-tester\/laeringsmal-2\/\">Read more <span class=\"screen-reader-text\">L\u00e6ringsm\u00e5l<\/span><span class=\"meta-nav\"> &#8250;<\/span><\/a><\/div>\n<p><!-- end of .read-more --><\/p>\n","protected":false},"author":5,"featured_media":0,"parent":59,"menu_order":1,"comment_status":"closed","ping_status":"closed","template":"","meta":{"footnotes":""},"class_list":["post-62","page","type-page","status-publish","hentry"],"_links":{"self":[{"href":"https:\/\/elearning.uia.no\/ml205\/wp-json\/wp\/v2\/pages\/62","targetHints":{"allow":["GET"]}}],"collection":[{"href":"https:\/\/elearning.uia.no\/ml205\/wp-json\/wp\/v2\/pages"}],"about":[{"href":"https:\/\/elearning.uia.no\/ml205\/wp-json\/wp\/v2\/types\/page"}],"author":[{"embeddable":true,"href":"https:\/\/elearning.uia.no\/ml205\/wp-json\/wp\/v2\/users\/5"}],"replies":[{"embeddable":true,"href":"https:\/\/elearning.uia.no\/ml205\/wp-json\/wp\/v2\/comments?post=62"}],"version-history":[{"count":7,"href":"https:\/\/elearning.uia.no\/ml205\/wp-json\/wp\/v2\/pages\/62\/revisions"}],"predecessor-version":[{"id":1615,"href":"https:\/\/elearning.uia.no\/ml205\/wp-json\/wp\/v2\/pages\/62\/revisions\/1615"}],"up":[{"embeddable":true,"href":"https:\/\/elearning.uia.no\/ml205\/wp-json\/wp\/v2\/pages\/59"}],"wp:attachment":[{"href":"https:\/\/elearning.uia.no\/ml205\/wp-json\/wp\/v2\/media?parent=62"}],"curies":[{"name":"wp","href":"https:\/\/api.w.org\/{rel}","templated":true}]}}