{"id":36,"date":"2016-10-27T09:21:05","date_gmt":"2016-10-27T07:21:05","guid":{"rendered":"http:\/\/localhost\/biologi\/?page_id=36"},"modified":"2017-01-20T12:48:57","modified_gmt":"2017-01-20T11:48:57","slug":"avfallshandtering","status":"publish","type":"page","link":"https:\/\/elearning.uia.no\/ml205\/generell-info\/avfallshandtering\/","title":{"rendered":"Avfallsh\u00e5ndtering"},"content":{"rendered":"<ul>\n<li>Papiravfall, t\u00f8ystykker og hansker <u>tils\u00f8lt<\/u> med kroppsv\u00e6sker (blod, urin, serum, plasma) <u>kastes i vanlig s\u00f8ppel<\/u>.<\/li>\n<\/ul>\n<ul>\n<li>Stikkende og skj\u00e6rende avfall, for eksempel brukte kanyler\/skalpellblader, knuste pr\u00f8ver\u00f8r, objekt- og dekkglass og glasskapill\u00e6rr\u00f8r kastes i risikoavfallsbokser p\u00e5 benken eller i beholdere p\u00e5 gulvet.<\/li>\n<\/ul>\n<ul>\n<li>Litt st\u00f8rre&nbsp;mengder biologisk&nbsp;materiale, for eksempel halvfulle r\u00f8r med blod&nbsp;eller brukte agarsk\u00e5ler kastes i risikoavfallsbeholder.<\/li>\n<\/ul>\n<p>&nbsp;<\/p>\n<p>H\u00c5NDHYGIENE ER DEN BESTE OG ENKLESTE HANDLING FOR \u00c5 FOREBYGGE SMITTE P\u00c5 LABORATORIET!<\/p>\n<p><strong>Bruk av laboratoriefrakk er obligatorisk &#8211; ingen unntak kan gis.<\/strong><\/p>\n","protected":false},"excerpt":{"rendered":"<p>Papiravfall, t\u00f8ystykker og hansker tils\u00f8lt med kroppsv\u00e6sker (blod, urin, serum, plasma) kastes i vanlig s\u00f8ppel. Stikkende og skj\u00e6rende avfall, for eksempel brukte kanyler\/skalpellblader, knuste pr\u00f8ver\u00f8r, objekt- og dekkglass og glasskapill\u00e6rr\u00f8r kastes i risikoavfallsbokser p\u00e5 benken eller i beholdere p\u00e5 gulvet.<span class=\"ellipsis\">&hellip;<\/span><\/p>\n<div class=\"read-more\"><a href=\"https:\/\/elearning.uia.no\/ml205\/generell-info\/avfallshandtering\/\">Read more <span class=\"screen-reader-text\">Avfallsh\u00e5ndtering<\/span><span class=\"meta-nav\"> &#8250;<\/span><\/a><\/div>\n<p><!-- end of .read-more --><\/p>\n","protected":false},"author":5,"featured_media":0,"parent":29,"menu_order":3,"comment_status":"closed","ping_status":"closed","template":"","meta":{"footnotes":""},"class_list":["post-36","page","type-page","status-publish","hentry"],"_links":{"self":[{"href":"https:\/\/elearning.uia.no\/ml205\/wp-json\/wp\/v2\/pages\/36","targetHints":{"allow":["GET"]}}],"collection":[{"href":"https:\/\/elearning.uia.no\/ml205\/wp-json\/wp\/v2\/pages"}],"about":[{"href":"https:\/\/elearning.uia.no\/ml205\/wp-json\/wp\/v2\/types\/page"}],"author":[{"embeddable":true,"href":"https:\/\/elearning.uia.no\/ml205\/wp-json\/wp\/v2\/users\/5"}],"replies":[{"embeddable":true,"href":"https:\/\/elearning.uia.no\/ml205\/wp-json\/wp\/v2\/comments?post=36"}],"version-history":[{"count":6,"href":"https:\/\/elearning.uia.no\/ml205\/wp-json\/wp\/v2\/pages\/36\/revisions"}],"predecessor-version":[{"id":540,"href":"https:\/\/elearning.uia.no\/ml205\/wp-json\/wp\/v2\/pages\/36\/revisions\/540"}],"up":[{"embeddable":true,"href":"https:\/\/elearning.uia.no\/ml205\/wp-json\/wp\/v2\/pages\/29"}],"wp:attachment":[{"href":"https:\/\/elearning.uia.no\/ml205\/wp-json\/wp\/v2\/media?parent=36"}],"curies":[{"name":"wp","href":"https:\/\/api.w.org\/{rel}","templated":true}]}}