{"id":34,"date":"2016-10-27T09:20:29","date_gmt":"2016-10-27T07:20:29","guid":{"rendered":"http:\/\/localhost\/biologi\/?page_id=34"},"modified":"2017-01-20T12:47:58","modified_gmt":"2017-01-20T11:47:58","slug":"sikkerhet-pa-lab","status":"publish","type":"page","link":"https:\/\/elearning.uia.no\/ml205\/generell-info\/sikkerhet-pa-lab\/","title":{"rendered":"Sikkerhet p\u00e5 lab"},"content":{"rendered":"<p><strong>Sikkerhetsrutiner for arbeid ved laboratoriene ved Fakultet for teknologi og realfag ved Universitetet i Agder.<\/strong><\/p>\n<ol>\n<li>Studenter uten godkjent sikkerhetskurs har ikke adgang til laboratoriene.<\/li>\n<li>F\u00f8r aktivitetene starter, skal alle vite hvor brannslukningsapparat, f\u00f8rstehjelpsutstyr og aktuelle datablader befinner seg.<\/li>\n<li>Spising, drikking, r\u00f8yking, bruk av snus og skr\u00e5 er ikke tillatt i laboratoriet. Smak aldri p\u00e5 kjemikalier. Vask hendene i s\u00e5pe og vann f\u00f8r du forlater laboratoriet.<\/li>\n<li>Mobiltelefon er ikke tillatt benyttet i laboratoriet.<\/li>\n<li>Studenter f\u00e5r ikke arbeide alene uten etter avtale med ansvarlig undervisningspersonale. Private laboratoriefors\u00f8k er ikke tillatt.<\/li>\n<li>Laboratoriefrakk skal brukes hele tiden i laboratoriet. Ren laboratoriefrakk og engangshansker kan v\u00e6re p\u00e5krevd for \u00e5 unng\u00e5 kontaminering av fors\u00f8ksmateriale.<\/li>\n<li>Alle varselmerker skal respekteres.<\/li>\n<li>Alle skal rette seg etter gjeldende regler for behandling av pr\u00f8ver, kjemikalier og laboratorieutstyr. V\u00e6r spesielt p\u00e5passelig ved bruk av konsentrerte syrer og baser, andre etsende eller sv\u00e6rt reaktive eller radioaktive eventuelt smittefarlige stoffer. Benytt avtrekk ved arbeid med giftige og\/eller illeluktende gasser. Sett alltid korkene p\u00e5 tilh\u00f8rende kjemikalieflasker, og sett flasker som ikke er i bruk, tilbake p\u00e5 plass. Restkjemikalier skal ikke helles tilbake p\u00e5 originalflaskene. Se egne retningslinjer for h\u00e5ndtering av blodpr\u00f8ver, blods\u00f8l og annet biologisk materiale.<\/li>\n<li>Bruk merkede avfallsbeholdere til risikoavfall. Blod, bakterier, DNA-rester etc. kastes i gule beholdere, skalpell, kanyler og dekkglass i gule plastbeholdere p\u00e5 benken eller store beholdere som st\u00e5r p\u00e5 gulvet. Eeventuelt annet spesialavfall (dyreavfall, planterester)i bio- avfallsposer.<\/li>\n<li>Knust glass og brennbart materiale kastes i spesials\u00f8ppeldunker.<\/li>\n<li>Pipettefyller eller Pelleusballong benyttes ved pipettering. V\u00e6r forsiktig under p\u00e5setting av denne. Ta tak \u00f8verst i pipetten for \u00e5 unng\u00e5 brekkasje og dermed potensielle kuttskader.<\/li>\n<li>Ved brannalarm skal gassbluss slukkes, varmeplater og elektrisk apparatur sl\u00e5s av. Deretter skal bygningen straks evakueres og d\u00f8rer lukkes.<\/li>\n<li>Benker og avtrekkskap samt utstyr skal vaskes og ryddes etter bruk. Hold orden!<\/li>\n<li>Uvedkommende har ikke adgang til laboratoriet. Brudd p\u00e5 sikkerhetsreglene kan medf\u00f8re fare for egen og andres helse.<\/li>\n<\/ol>\n<p>&nbsp;<\/p>\n<p><strong>N\u00d8DTELEFONER:<\/strong><\/p>\n<table style=\"height: 87px\" width=\"581\">\n<tbody>\n<tr>\n<td width=\"33%\">BRANN<\/td>\n<td width=\"33%\">POLITI<\/td>\n<td width=\"33%\">MEDISINSK HJELP<\/td>\n<\/tr>\n<tr>\n<td>110<\/td>\n<td>112<\/td>\n<td>113<\/td>\n<\/tr>\n<\/tbody>\n<\/table>\n<p>&nbsp;<\/p>\n<p><strong>Universitetets ansvar for studenter.<\/strong><\/p>\n<p>Arbeidsmilj\u00f8loven gjelder <em>ikke<\/em> for studenter. Men n\u00e5r studenter i forbindelse med sin utdanning arbeider i universitetets laboratorier og verksteder, har universitetet ansvar for disse p\u00e5 tilsvarende m\u00e5te som for sine ordin\u00e6re ansatte n\u00e5r det gjelder sikkerhet, bruk av verneutstyr og oppl\u00e6ring. Sykehus, skoler eller barnehager som har universitetets studenter i praksis, har et tilsvarende ansvar.<\/p>\n<p>Transport til og fra undervisningsstedet (inkl. praksis, feltarbeid m.m.) er normalt studentenes eget ansvar. Det kan oppst\u00e5 sp\u00f8rsm\u00e5l om eventuelt erstatningsansvar for universitetet dersom et fakultet\/en fagl\u00e6rer organiserer privat transport mellom universitetet og et undervisningssted utenfor universitetet. Universitetet skal derfor ikke p\u00e5ta seg dette.<\/p>\n<p>Skader som oppst\u00e5r i undervisningssituasjonen<\/p>\n<p>1) Personskade:<\/p>\n<p>Studenter omfattes av folketrygdlovens bestemmelser om yrkesskadedekning (Folketrygdloven \u00a7 13-10). Studentene har yrkesskadedekning for yrkesskader de blir p\u00e5f\u00f8rt p\u00e5 undervisningsstedet i undervisningstiden.<\/p>\n<p>2) Materiellskade:<\/p>\n<p>Universitetet kan bli erstatningsansvarlig p\u00e5 objektivt grunnlag eller dersom det er utvist uaktsomhet. Eventuelt erstatningsansvar vil m\u00e5tte vurderes i hvert tilfelle.<\/p>\n<p><strong>Rutiner ved skade<\/strong><\/p>\n<p><a href=\"https:\/\/elearning.uia.no\/ml205\/wp-content\/uploads\/sites\/4\/2016\/10\/Skjema-for-skader-og-ulykker-studenter.pdf\" target=\"_blank\">Skjema for skader og ulykker studenter<\/a>&nbsp;fylles ut og sendes p\u00e5 fastsatt skjema til vedkommende fakultetsdirekt\u00f8r. Denne sender kopi til underdirekt\u00f8r Marianne \u00d8hrn Johannessen i Studentservice. Fakultetsdirekt\u00f8ren signerer for \u00e5 ha mottatt skjemaet og videresendt kopi, og er ansvarlig for \u00e5 vurdere og eventuelt iverksette n\u00f8dvendige tiltak.<\/p>\n<p>Ved personskade som krever legebehandling, skal i tillegg skjemaet <em>\u201dMelding om yrkesskade\u201d <\/em>sendes NAV Trygd innen 3 dager. Skjemaet ligger p\u00e5 nettet (<a href=\"https:\/\/www.nav.no\/no\/Person\/Skjemaer-for-privatpersoner\/skjemaveileder\/vedlegg?key=369058&amp;languagecode=53&amp;veiledertype=privatperson\" target=\"_blank\">her<\/a>), eller kan f\u00e5s ved henvendelse til personal- og organisasjonsavdelingen. Begge skjemaene b\u00f8r v\u00e6re tilgjengelig i alle fakulteter, p\u00e5 laboratorier og andre steder der skader vil kunne oppst\u00e5.<\/p>\n<p>Eventuelle sp\u00f8rsm\u00e5l vedr\u00f8rende universitetets ansvar for studenter kan rettes til Studiesekretariatet v\/underdirekt\u00f8r<em> Greta Hilding, <\/em>eller Studentservice v\/underdirekt\u00f8r Marianne \u00d8hrn Johannessen.<\/p>\n","protected":false},"excerpt":{"rendered":"<p>Sikkerhetsrutiner for arbeid ved laboratoriene ved Fakultet for teknologi og realfag ved Universitetet i Agder. Studenter uten godkjent sikkerhetskurs har ikke adgang til laboratoriene. F\u00f8r aktivitetene starter, skal alle vite hvor brannslukningsapparat, f\u00f8rstehjelpsutstyr og aktuelle datablader befinner seg. Spising, drikking,<span class=\"ellipsis\">&hellip;<\/span><\/p>\n<div class=\"read-more\"><a href=\"https:\/\/elearning.uia.no\/ml205\/generell-info\/sikkerhet-pa-lab\/\">Read more <span class=\"screen-reader-text\">Sikkerhet p\u00e5 lab<\/span><span class=\"meta-nav\"> &#8250;<\/span><\/a><\/div>\n<p><!-- end of .read-more --><\/p>\n","protected":false},"author":5,"featured_media":0,"parent":29,"menu_order":2,"comment_status":"closed","ping_status":"closed","template":"","meta":{"footnotes":""},"class_list":["post-34","page","type-page","status-publish","hentry"],"_links":{"self":[{"href":"https:\/\/elearning.uia.no\/ml205\/wp-json\/wp\/v2\/pages\/34","targetHints":{"allow":["GET"]}}],"collection":[{"href":"https:\/\/elearning.uia.no\/ml205\/wp-json\/wp\/v2\/pages"}],"about":[{"href":"https:\/\/elearning.uia.no\/ml205\/wp-json\/wp\/v2\/types\/page"}],"author":[{"embeddable":true,"href":"https:\/\/elearning.uia.no\/ml205\/wp-json\/wp\/v2\/users\/5"}],"replies":[{"embeddable":true,"href":"https:\/\/elearning.uia.no\/ml205\/wp-json\/wp\/v2\/comments?post=34"}],"version-history":[{"count":7,"href":"https:\/\/elearning.uia.no\/ml205\/wp-json\/wp\/v2\/pages\/34\/revisions"}],"predecessor-version":[{"id":538,"href":"https:\/\/elearning.uia.no\/ml205\/wp-json\/wp\/v2\/pages\/34\/revisions\/538"}],"up":[{"embeddable":true,"href":"https:\/\/elearning.uia.no\/ml205\/wp-json\/wp\/v2\/pages\/29"}],"wp:attachment":[{"href":"https:\/\/elearning.uia.no\/ml205\/wp-json\/wp\/v2\/media?parent=34"}],"curies":[{"name":"wp","href":"https:\/\/api.w.org\/{rel}","templated":true}]}}