{"id":242,"date":"2016-12-06T13:56:48","date_gmt":"2016-12-06T12:56:48","guid":{"rendered":"http:\/\/elearning.uia.no\/ml205\/?page_id=242"},"modified":"2023-04-11T15:04:56","modified_gmt":"2023-04-11T14:04:56","slug":"rapportering","status":"publish","type":"page","link":"https:\/\/elearning.uia.no\/ml205\/koagulasjon\/rapportering\/","title":{"rendered":"Rapport og oppgaver"},"content":{"rendered":"<p>Rapport skal leveres i Canvas. Det er en ukes frist.&nbsp;<\/p>\n<p>Rapporten skal inneholde:&nbsp;<\/p>\n<ul>\n<li>Alle analyseresultater dere har utf\u00f8rt p\u00e5 labben&nbsp;<\/li>\n<li>Bilde av kalibreringskurve for fibrinogen&nbsp;<\/li>\n<li>Besvarelse p\u00e5 oppgaver&nbsp;(se nedenfor)<\/li>\n<\/ul>\n<p>OPPGAVER:<\/p>\n<ol>\n<li>Forklar det generelle prinsippet for koageldeteksjon p\u00e5 STart koagulasjonsinstrumentene.<\/li>\n<li>Forklar analyseprinsippet for m\u00e5ling av PT-INR.<\/li>\n<li>Forklar analyseprinsippet for m\u00e5ling av fibrinogen (inkludert kalibrering).<\/li>\n<li>Forklar analyseprinsippet for m\u00e5ling av APTT.&nbsp;<\/li>\n<li>Du skal beregne PT-INR-verdien for pr\u00f8vene nedenfor som er utf\u00f8rt med manuell metode.&nbsp;<em>Normaltid: 23,6 sek, ISI-verdi: 0,92<\/em>\n<ol>\n<li style=\"list-style-type: none\">\n<ol>\n<li>Pr\u00f8ve 1: Klot-tid: 21 sek<\/li>\n<li>Pr\u00f8ve 2: Klot-tid: 55 sek&nbsp;\n<ol>\n<li style=\"list-style-type: none\">&nbsp;<\/li>\n<\/ol>\n<\/li>\n<\/ol>\n<\/li>\n<\/ol>\n<\/li>\n<\/ol>\n","protected":false},"excerpt":{"rendered":"<p>Rapport skal leveres i Canvas. Det er en ukes frist.&nbsp; Rapporten skal inneholde:&nbsp; Alle analyseresultater dere har utf\u00f8rt p\u00e5 labben&nbsp; Bilde av kalibreringskurve for fibrinogen&nbsp; Besvarelse p\u00e5 oppgaver&nbsp;(se nedenfor) OPPGAVER: Forklar det generelle prinsippet for koageldeteksjon p\u00e5 STart koagulasjonsinstrumentene. Forklar<span class=\"ellipsis\">&hellip;<\/span><\/p>\n<div class=\"read-more\"><a href=\"https:\/\/elearning.uia.no\/ml205\/koagulasjon\/rapportering\/\">Read more <span class=\"screen-reader-text\">Rapport og oppgaver<\/span><span class=\"meta-nav\"> &#8250;<\/span><\/a><\/div>\n<p><!-- end of .read-more --><\/p>\n","protected":false},"author":13,"featured_media":0,"parent":220,"menu_order":5,"comment_status":"closed","ping_status":"closed","template":"","meta":{"footnotes":""},"class_list":["post-242","page","type-page","status-publish","hentry"],"_links":{"self":[{"href":"https:\/\/elearning.uia.no\/ml205\/wp-json\/wp\/v2\/pages\/242","targetHints":{"allow":["GET"]}}],"collection":[{"href":"https:\/\/elearning.uia.no\/ml205\/wp-json\/wp\/v2\/pages"}],"about":[{"href":"https:\/\/elearning.uia.no\/ml205\/wp-json\/wp\/v2\/types\/page"}],"author":[{"embeddable":true,"href":"https:\/\/elearning.uia.no\/ml205\/wp-json\/wp\/v2\/users\/13"}],"replies":[{"embeddable":true,"href":"https:\/\/elearning.uia.no\/ml205\/wp-json\/wp\/v2\/comments?post=242"}],"version-history":[{"count":8,"href":"https:\/\/elearning.uia.no\/ml205\/wp-json\/wp\/v2\/pages\/242\/revisions"}],"predecessor-version":[{"id":1847,"href":"https:\/\/elearning.uia.no\/ml205\/wp-json\/wp\/v2\/pages\/242\/revisions\/1847"}],"up":[{"embeddable":true,"href":"https:\/\/elearning.uia.no\/ml205\/wp-json\/wp\/v2\/pages\/220"}],"wp:attachment":[{"href":"https:\/\/elearning.uia.no\/ml205\/wp-json\/wp\/v2\/media?parent=242"}],"curies":[{"name":"wp","href":"https:\/\/api.w.org\/{rel}","templated":true}]}}