{"id":226,"date":"2016-12-06T13:54:06","date_gmt":"2016-12-06T12:54:06","guid":{"rendered":"http:\/\/elearning.uia.no\/ml205\/?page_id=226"},"modified":"2017-03-17T10:18:40","modified_gmt":"2017-03-17T09:18:40","slug":"laeringsmal","status":"publish","type":"page","link":"https:\/\/elearning.uia.no\/ml205\/koagulasjon\/laeringsmal\/","title":{"rendered":"L\u00e6ringsm\u00e5l"},"content":{"rendered":"<h3>I samspill med teoriundervisning og etter innrapportering av \u00f8velsene&nbsp;skal studenten v\u00e6re i stand til \u00e5:<\/h3>\n<ul>\n<li>forklare hemostasens hensikt og virkem\u00e5te<\/li>\n<li>vise innsikt i sykdommer som p\u00e5virker den<\/li>\n<li>forklare prinsippene for og utf\u00f8re enkelte vanlige analyser som har tilknytning til koagulasjon<\/li>\n<\/ul>\n<p>&nbsp;<\/p>\n","protected":false},"excerpt":{"rendered":"<p>I samspill med teoriundervisning og etter innrapportering av \u00f8velsene&nbsp;skal studenten v\u00e6re i stand til \u00e5: forklare hemostasens hensikt og virkem\u00e5te vise innsikt i sykdommer som p\u00e5virker den forklare prinsippene for og utf\u00f8re enkelte vanlige analyser som har tilknytning til koagulasjon<span class=\"ellipsis\">&hellip;<\/span><\/p>\n<div class=\"read-more\"><a href=\"https:\/\/elearning.uia.no\/ml205\/koagulasjon\/laeringsmal\/\">Read more <span class=\"screen-reader-text\">L\u00e6ringsm\u00e5l<\/span><span class=\"meta-nav\"> &#8250;<\/span><\/a><\/div>\n<p><!-- end of .read-more --><\/p>\n","protected":false},"author":13,"featured_media":0,"parent":220,"menu_order":1,"comment_status":"closed","ping_status":"closed","template":"","meta":{"footnotes":""},"class_list":["post-226","page","type-page","status-publish","hentry"],"_links":{"self":[{"href":"https:\/\/elearning.uia.no\/ml205\/wp-json\/wp\/v2\/pages\/226","targetHints":{"allow":["GET"]}}],"collection":[{"href":"https:\/\/elearning.uia.no\/ml205\/wp-json\/wp\/v2\/pages"}],"about":[{"href":"https:\/\/elearning.uia.no\/ml205\/wp-json\/wp\/v2\/types\/page"}],"author":[{"embeddable":true,"href":"https:\/\/elearning.uia.no\/ml205\/wp-json\/wp\/v2\/users\/13"}],"replies":[{"embeddable":true,"href":"https:\/\/elearning.uia.no\/ml205\/wp-json\/wp\/v2\/comments?post=226"}],"version-history":[{"count":4,"href":"https:\/\/elearning.uia.no\/ml205\/wp-json\/wp\/v2\/pages\/226\/revisions"}],"predecessor-version":[{"id":1069,"href":"https:\/\/elearning.uia.no\/ml205\/wp-json\/wp\/v2\/pages\/226\/revisions\/1069"}],"up":[{"embeddable":true,"href":"https:\/\/elearning.uia.no\/ml205\/wp-json\/wp\/v2\/pages\/220"}],"wp:attachment":[{"href":"https:\/\/elearning.uia.no\/ml205\/wp-json\/wp\/v2\/media?parent=226"}],"curies":[{"name":"wp","href":"https:\/\/api.w.org\/{rel}","templated":true}]}}