{"id":220,"date":"2016-12-06T13:53:28","date_gmt":"2016-12-06T12:53:28","guid":{"rendered":"http:\/\/elearning.uia.no\/ml205\/?page_id=220"},"modified":"2026-03-20T08:36:10","modified_gmt":"2026-03-20T07:36:10","slug":"koagulasjon","status":"publish","type":"page","link":"https:\/\/elearning.uia.no\/ml205\/koagulasjon\/","title":{"rendered":"Koagulasjon"},"content":{"rendered":"<p>Temaet koagulasjon\u00a0undervises over <strong>to<\/strong> laboratorie\u00f8velser. Studenten skal bli kjent med en manuell metode for koageldeteksjon, og utf\u00f8re flere analyser ved hjelp av koagulasjonsinstrumentene STArt 4 og STart Max. Studenten skal l\u00e6re \u00e5 \u00a0behandle pr\u00f8ver til koagulasjon og reflektere over feilkilder til koagulasjonsanalyser.<\/p>\n<p><strong>I l\u00f8pet av den f\u00f8rste \u00f8velsen skal studenten:<\/strong><\/p>\n<ul>\n<li>utf\u00f8re halvautomatisk PT-INR-analyse p\u00e5 kvalitetkontroller og utleverte pr\u00f8ver<\/li>\n<li>observere manuell PT-INR-analyse<\/li>\n<\/ul>\n<p><strong>I l\u00f8pet av den andre\u00a0\u00f8velsen skal studenten:<\/strong><\/p>\n<ul>\n<li>kalibrere fibrinogenanalysen p\u00e5 STArt Max<\/li>\n<li>utf\u00f8re \u00a0fibrinogen-analyse p\u00e5 kvalitetskontroller og utleverte pr\u00f8ver (p\u00e5 STartMax)<\/li>\n<li>utf\u00f8re APTT-analyse p\u00e5 kvalitetskontroller og utleverte pr\u00f8ver (p\u00e5 STart 4)<\/li>\n<\/ul>\n<p>\u00a0<\/p>\n<p>\u00a0<\/p>\n\n\n<p><\/p>\n","protected":false},"excerpt":{"rendered":"<p>Temaet koagulasjon\u00a0undervises over to laboratorie\u00f8velser. Studenten skal bli kjent med en manuell metode for koageldeteksjon, og utf\u00f8re flere analyser ved hjelp av koagulasjonsinstrumentene STArt 4 og STart Max. Studenten skal l\u00e6re \u00e5 \u00a0behandle pr\u00f8ver til koagulasjon og reflektere over feilkilder<span class=\"ellipsis\">&hellip;<\/span><\/p>\n<div class=\"read-more\"><a href=\"https:\/\/elearning.uia.no\/ml205\/koagulasjon\/\">Read more <span class=\"screen-reader-text\">Koagulasjon<\/span><span class=\"meta-nav\"> &#8250;<\/span><\/a><\/div>\n<p><!-- end of .read-more --><\/p>\n","protected":false},"author":13,"featured_media":0,"parent":0,"menu_order":0,"comment_status":"closed","ping_status":"closed","template":"","meta":{"footnotes":""},"class_list":["post-220","page","type-page","status-publish","hentry"],"_links":{"self":[{"href":"https:\/\/elearning.uia.no\/ml205\/wp-json\/wp\/v2\/pages\/220","targetHints":{"allow":["GET"]}}],"collection":[{"href":"https:\/\/elearning.uia.no\/ml205\/wp-json\/wp\/v2\/pages"}],"about":[{"href":"https:\/\/elearning.uia.no\/ml205\/wp-json\/wp\/v2\/types\/page"}],"author":[{"embeddable":true,"href":"https:\/\/elearning.uia.no\/ml205\/wp-json\/wp\/v2\/users\/13"}],"replies":[{"embeddable":true,"href":"https:\/\/elearning.uia.no\/ml205\/wp-json\/wp\/v2\/comments?post=220"}],"version-history":[{"count":17,"href":"https:\/\/elearning.uia.no\/ml205\/wp-json\/wp\/v2\/pages\/220\/revisions"}],"predecessor-version":[{"id":2200,"href":"https:\/\/elearning.uia.no\/ml205\/wp-json\/wp\/v2\/pages\/220\/revisions\/2200"}],"wp:attachment":[{"href":"https:\/\/elearning.uia.no\/ml205\/wp-json\/wp\/v2\/media?parent=220"}],"curies":[{"name":"wp","href":"https:\/\/api.w.org\/{rel}","templated":true}]}}