{"id":213,"date":"2016-12-06T11:17:48","date_gmt":"2016-12-06T10:17:48","guid":{"rendered":"http:\/\/elearning.uia.no\/ml205\/?page_id=213"},"modified":"2021-01-05T13:58:36","modified_gmt":"2021-01-05T12:58:36","slug":"for-lab-test","status":"publish","type":"page","link":"https:\/\/elearning.uia.no\/ml205\/automatisert-celletelling\/for-lab-test\/","title":{"rendered":"F\u00f8r-lab test"},"content":{"rendered":"<p>F\u00f8r-labtesten skal gjennomf\u00f8res i Canvas.<\/p>\n<p>Testen finner du under modulen LAB Hematologi.&nbsp;<\/p>\n<p>Bekreftelse p\u00e5 gjennomf\u00f8rt test registreres automatisk. Testen kan gj\u00f8res flere ganger, og du m\u00e5 ha alt riktig f\u00f8r du m\u00f8ter til lab (15 poeng).&nbsp;<\/p>\n\n\n<p><\/p>\n","protected":false},"excerpt":{"rendered":"<p>F\u00f8r-labtesten skal gjennomf\u00f8res i Canvas. Testen finner du under modulen LAB Hematologi.&nbsp; Bekreftelse p\u00e5 gjennomf\u00f8rt test registreres automatisk. Testen kan gj\u00f8res flere ganger, og du m\u00e5 ha alt riktig f\u00f8r du m\u00f8ter til lab (15 poeng).&nbsp;<\/p>\n","protected":false},"author":13,"featured_media":0,"parent":177,"menu_order":7,"comment_status":"closed","ping_status":"closed","template":"","meta":{"footnotes":""},"class_list":["post-213","page","type-page","status-publish","hentry"],"_links":{"self":[{"href":"https:\/\/elearning.uia.no\/ml205\/wp-json\/wp\/v2\/pages\/213","targetHints":{"allow":["GET"]}}],"collection":[{"href":"https:\/\/elearning.uia.no\/ml205\/wp-json\/wp\/v2\/pages"}],"about":[{"href":"https:\/\/elearning.uia.no\/ml205\/wp-json\/wp\/v2\/types\/page"}],"author":[{"embeddable":true,"href":"https:\/\/elearning.uia.no\/ml205\/wp-json\/wp\/v2\/users\/13"}],"replies":[{"embeddable":true,"href":"https:\/\/elearning.uia.no\/ml205\/wp-json\/wp\/v2\/comments?post=213"}],"version-history":[{"count":9,"href":"https:\/\/elearning.uia.no\/ml205\/wp-json\/wp\/v2\/pages\/213\/revisions"}],"predecessor-version":[{"id":1592,"href":"https:\/\/elearning.uia.no\/ml205\/wp-json\/wp\/v2\/pages\/213\/revisions\/1592"}],"up":[{"embeddable":true,"href":"https:\/\/elearning.uia.no\/ml205\/wp-json\/wp\/v2\/pages\/177"}],"wp:attachment":[{"href":"https:\/\/elearning.uia.no\/ml205\/wp-json\/wp\/v2\/media?parent=213"}],"curies":[{"name":"wp","href":"https:\/\/api.w.org\/{rel}","templated":true}]}}