{"id":183,"date":"2016-12-06T11:02:33","date_gmt":"2016-12-06T10:02:33","guid":{"rendered":"http:\/\/elearning.uia.no\/ml205\/?page_id=183"},"modified":"2023-03-04T13:49:15","modified_gmt":"2023-03-04T12:49:15","slug":"laeringsmal","status":"publish","type":"page","link":"https:\/\/elearning.uia.no\/ml205\/automatisert-celletelling\/laeringsmal\/","title":{"rendered":"L\u00e6ringsm\u00e5l"},"content":{"rendered":"<h3>I samspill med teoriundervisning og etter innrapportering av \u00f8velsene&nbsp;skal studenten v\u00e6re i stand til \u00e5:<\/h3>\n<ul>\n<li>Redegj\u00f8re for prinsipp for telling og differensiering av leukocytter med dannelse av scattergram (plott) p\u00e5 Sysmex hematologiinstrumenter.<\/li>\n<li>Forklare prinsipp for hemoglobinanalyse i samme instrument.<\/li>\n<li>Forklare prinsipp for telling av erytrocytter og trombocytter.<\/li>\n<li>Redegj\u00f8re for feilkilder relatert til hematologiske pr\u00f8ver.<\/li>\n<li>Uf\u00f8re og forst\u00e5 betydningen av kvalitetskontroll og daglig vedlikehold av&nbsp;instrumentet, samt analysering av kapill\u00e6re og ven\u00f8se pr\u00f8ver.<\/li>\n<li>Forst\u00e5 sentrale begreper som benyttes i forbindelse med automasjon i hematologiske laboratorier.<\/li>\n<\/ul>\n","protected":false},"excerpt":{"rendered":"<p>I samspill med teoriundervisning og etter innrapportering av \u00f8velsene&nbsp;skal studenten v\u00e6re i stand til \u00e5: Redegj\u00f8re for prinsipp for telling og differensiering av leukocytter med dannelse av scattergram (plott) p\u00e5 Sysmex hematologiinstrumenter. Forklare prinsipp for hemoglobinanalyse i samme instrument. Forklare<span class=\"ellipsis\">&hellip;<\/span><\/p>\n<div class=\"read-more\"><a href=\"https:\/\/elearning.uia.no\/ml205\/automatisert-celletelling\/laeringsmal\/\">Read more <span class=\"screen-reader-text\">L\u00e6ringsm\u00e5l<\/span><span class=\"meta-nav\"> &#8250;<\/span><\/a><\/div>\n<p><!-- end of .read-more --><\/p>\n","protected":false},"author":13,"featured_media":0,"parent":177,"menu_order":2,"comment_status":"closed","ping_status":"closed","template":"","meta":{"footnotes":""},"class_list":["post-183","page","type-page","status-publish","hentry"],"_links":{"self":[{"href":"https:\/\/elearning.uia.no\/ml205\/wp-json\/wp\/v2\/pages\/183","targetHints":{"allow":["GET"]}}],"collection":[{"href":"https:\/\/elearning.uia.no\/ml205\/wp-json\/wp\/v2\/pages"}],"about":[{"href":"https:\/\/elearning.uia.no\/ml205\/wp-json\/wp\/v2\/types\/page"}],"author":[{"embeddable":true,"href":"https:\/\/elearning.uia.no\/ml205\/wp-json\/wp\/v2\/users\/13"}],"replies":[{"embeddable":true,"href":"https:\/\/elearning.uia.no\/ml205\/wp-json\/wp\/v2\/comments?post=183"}],"version-history":[{"count":8,"href":"https:\/\/elearning.uia.no\/ml205\/wp-json\/wp\/v2\/pages\/183\/revisions"}],"predecessor-version":[{"id":1795,"href":"https:\/\/elearning.uia.no\/ml205\/wp-json\/wp\/v2\/pages\/183\/revisions\/1795"}],"up":[{"embeddable":true,"href":"https:\/\/elearning.uia.no\/ml205\/wp-json\/wp\/v2\/pages\/177"}],"wp:attachment":[{"href":"https:\/\/elearning.uia.no\/ml205\/wp-json\/wp\/v2\/media?parent=183"}],"curies":[{"name":"wp","href":"https:\/\/api.w.org\/{rel}","templated":true}]}}