{"id":177,"date":"2016-12-06T11:02:02","date_gmt":"2016-12-06T10:02:02","guid":{"rendered":"http:\/\/elearning.uia.no\/ml205\/?page_id=177"},"modified":"2025-03-01T15:48:29","modified_gmt":"2025-03-01T14:48:29","slug":"automatisert-celletelling","status":"publish","type":"page","link":"https:\/\/elearning.uia.no\/ml205\/automatisert-celletelling\/","title":{"rendered":"Automatisert hematologi"},"content":{"rendered":"<h2>Generell informasjon<\/h2>\n<p>Temaet automatisert celletelling undervises over <strong>to<\/strong> laboratorie\u00f8velser. Studenten skal bli&nbsp;kjent med automatiseringsprinsipper, fordeler,&nbsp;feilkilder og begrensinger med dem. Studenten vil bli ogs\u00e5 bli i stand til \u00e5 forst\u00e5 og h\u00e5ndtere bruken av analytisk kvalitetskontroll.<\/p>\n<p>&nbsp;<\/p>\n<p><b>I l\u00f8pet av den f\u00f8rste \u00f8velsen skal studenten:&nbsp;<\/b><\/p>\n<ul>\n<li>F\u00e5 en introduksjon til&nbsp;Sysmex XN-550<\/li>\n<li>Benytte &#8220;Kort manual&#8221; for Sysmex XN-550 for \u00e5:\n<ul>\n<li>Analysere kvalitetskontroller (QC).<\/li>\n<li>Analysere blodpr\u00f8ver\n<ul>\n<li>i manuell modus<\/li>\n<li>ved hjelp av&nbsp;pr\u00f8vemateren<\/li>\n<\/ul>\n<\/li>\n<\/ul>\n<\/li>\n<\/ul>\n<p><b>I l\u00f8pet av den andre \u00f8velsen skal studenten:&nbsp;<\/b><\/p>\n<ul>\n<li>Analysere kontroller og fire pasientpr\u00f8ver fra sykehuset p\u00e5 Sysmex XN-550&nbsp;<\/li>\n<\/ul>\n<p>&nbsp;<\/p>\n<p>&nbsp; &nbsp;<\/p>\n","protected":false},"excerpt":{"rendered":"<p>Generell informasjon Temaet automatisert celletelling undervises over to laboratorie\u00f8velser. Studenten skal bli&nbsp;kjent med automatiseringsprinsipper, fordeler,&nbsp;feilkilder og begrensinger med dem. Studenten vil bli ogs\u00e5 bli i stand til \u00e5 forst\u00e5 og h\u00e5ndtere bruken av analytisk kvalitetskontroll. &nbsp; I l\u00f8pet av den<span class=\"ellipsis\">&hellip;<\/span><\/p>\n<div class=\"read-more\"><a href=\"https:\/\/elearning.uia.no\/ml205\/automatisert-celletelling\/\">Read more <span class=\"screen-reader-text\">Automatisert hematologi<\/span><span class=\"meta-nav\"> &#8250;<\/span><\/a><\/div>\n<p><!-- end of .read-more --><\/p>\n","protected":false},"author":13,"featured_media":0,"parent":0,"menu_order":0,"comment_status":"closed","ping_status":"closed","template":"","meta":{"footnotes":""},"class_list":["post-177","page","type-page","status-publish","hentry"],"_links":{"self":[{"href":"https:\/\/elearning.uia.no\/ml205\/wp-json\/wp\/v2\/pages\/177","targetHints":{"allow":["GET"]}}],"collection":[{"href":"https:\/\/elearning.uia.no\/ml205\/wp-json\/wp\/v2\/pages"}],"about":[{"href":"https:\/\/elearning.uia.no\/ml205\/wp-json\/wp\/v2\/types\/page"}],"author":[{"embeddable":true,"href":"https:\/\/elearning.uia.no\/ml205\/wp-json\/wp\/v2\/users\/13"}],"replies":[{"embeddable":true,"href":"https:\/\/elearning.uia.no\/ml205\/wp-json\/wp\/v2\/comments?post=177"}],"version-history":[{"count":27,"href":"https:\/\/elearning.uia.no\/ml205\/wp-json\/wp\/v2\/pages\/177\/revisions"}],"predecessor-version":[{"id":2055,"href":"https:\/\/elearning.uia.no\/ml205\/wp-json\/wp\/v2\/pages\/177\/revisions\/2055"}],"wp:attachment":[{"href":"https:\/\/elearning.uia.no\/ml205\/wp-json\/wp\/v2\/media?parent=177"}],"curies":[{"name":"wp","href":"https:\/\/api.w.org\/{rel}","templated":true}]}}