{"id":223,"date":"2024-06-10T09:27:06","date_gmt":"2024-06-10T09:27:06","guid":{"rendered":"https:\/\/elearning.uia.no\/casemedlab\/?page_id=223"},"modified":"2025-01-30T09:53:33","modified_gmt":"2025-01-30T09:53:33","slug":"om-prosjektet","status":"publish","type":"page","link":"https:\/\/elearning.uia.no\/casemedlab\/om-prosjektet\/","title":{"rendered":"Om CaseMedLab"},"content":{"rendered":"\t\t<div data-elementor-type=\"wp-page\" data-elementor-id=\"223\" class=\"elementor elementor-223\" data-elementor-post-type=\"page\">\n\t\t\t\t<div class=\"elementor-element elementor-element-25bd06ae e-flex e-con-boxed e-con e-parent\" data-id=\"25bd06ae\" data-element_type=\"container\" data-e-type=\"container\">\n\t\t\t\t\t<div class=\"e-con-inner\">\n\t\t\t\t<div class=\"elementor-element elementor-element-482fd3c5 elementor-widget elementor-widget-text-editor\" data-id=\"482fd3c5\" data-element_type=\"widget\" data-e-type=\"widget\" data-widget_type=\"text-editor.default\">\n\t\t\t\t<div class=\"elementor-widget-container\">\n\t\t\t\t\t\t\t\t\t<p>CaseMedLab er utviklet for bioingeni\u00f8rstudenter, l\u00e6rere og veiledere \u2013 men ogs\u00e5 for oppl\u00e6ringssituasjoner i arbeidslivet innenfor laboratoriemedisin.<\/p>\n<p><!-- \/wp:paragraph --><!-- wp:paragraph --><\/p>\n<p>Hovedm\u00e5let for CaseMedLab er \u00e5 bidra til at alle bioingeni\u00f8rstudenter kan f\u00e5 et samstemt undervisningsgrunnlag &#8211; ved \u00e5 samarbeide p\u00e5 tvers av utdanningsinstitusjoner og med arbeidslivet.<\/p>\n<p><!-- \/wp:paragraph --><!-- wp:paragraph --><\/p>\n<p>Vi \u00f8nsker med CaseMedLab \u00e5 frigj\u00f8re tid til aktiv l\u00e6ring i det fysiske l\u00e6ringsmilj\u00f8et ved at studentene p\u00e5 forh\u00e5nd har tilegnet seg basiskunnskapene i tema gjennom det digitale l\u00e6ringsinnholdet fra siden. Eller at man tar i bruk de digitale ressursene i den fysiske undervisningen \u2013 som en ressurs i samarbeidsl\u00e6ring.<\/p>\n<p><!-- \/wp:paragraph --><!-- wp:paragraph --><\/p>\n<p>L\u00e6ringsressursene p\u00e5 nettsiden kombinerer interaktiv og casebasert l\u00e6ring som fremmer kritisk tenkning, forbedrer forst\u00e5elsen og \u00f8ker engasjementet.<\/p>\n<p><!-- \/wp:paragraph --><!-- wp:paragraph --><\/p>\n<p>CaseMedLab er utviklet av alle bioingeni\u00f8rutdanningene i Norge i samarbeid med ti sykehus \u2013 til nytte for alle utdanningene og i arbeidslivet.<\/p>\n<p><!-- \/wp:paragraph --><!-- wp:paragraph --><\/p>\n<p>CaseMedLab har f\u00e5tt \u00f8konomisk st\u00f8tte fra HK-Dir (2021-2024).<\/p>\n<p><!-- \/wp:paragraph --><!-- wp:paragraph --><\/p>\n<p>\u00a0<strong>Design og utviklere:<\/strong>\u00a0<\/p>\n<p><!-- \/wp:paragraph --><!-- wp:list --><\/p>\n<ul class=\"wp-block-list\">\n<li style=\"list-style-type: none\">\n<ul class=\"wp-block-list\"><!-- wp:list-item --><\/ul>\n<\/li>\n<\/ul>\n<ul class=\"wp-block-list\">\n<li style=\"list-style-type: none\">\n<ul class=\"wp-block-list\">\n<li>IT-avdelingen p\u00e5 UiA: <strong>Mauricio Omar Cifuentes<\/strong> <a href=\"mailto:mauricio.cifuentes@uia.no\">mauricio.cifuentes@uia.no<\/a><\/li>\n<\/ul>\n<\/li>\n<\/ul>\n<p><!-- \/wp:list-item --><!-- wp:list-item --><\/p>\n<ul class=\"wp-block-list\">\n<li style=\"list-style-type: none\">\n<ul class=\"wp-block-list\">\n<li>Prosjektleder: <strong>Elisabeth Ersv\u00e6r<\/strong> <a href=\"mailto:elisabeth.ersvar@inn.no\">elisabeth.ersvar@inn.no<\/a><\/li>\n<\/ul>\n<\/li>\n<\/ul>\n<p><!-- \/wp:list-item --><!-- wp:list-item --><\/p>\n<ul class=\"wp-block-list\">\n<li style=\"list-style-type: none\">\n<ul class=\"wp-block-list\">\n<li>Prosjektkoordinator: <strong>Silvana Humlekj\u00e6r<\/strong>\u00a0<a href=\"silvana.federici@sshf.no\">silvana.federici@sshf.no<\/a><\/li>\n<\/ul>\n<\/li>\n<\/ul>\n<p><!-- \/wp:list-item --><!-- wp:list-item --><\/p>\n<ul>\n<li style=\"list-style-type: none\">\n<ul class=\"wp-block-list\">\n<li>Arbeidsgruppen:<!-- wp:list --><br \/>\n<ul class=\"wp-block-list\">\n<li style=\"list-style-type: none\">\n<ul class=\"wp-block-list\"><!-- wp:list-item --><\/ul>\n<\/li>\n<\/ul>\n<ul class=\"wp-block-list\">\n<li style=\"list-style-type: none\">\n<ul class=\"wp-block-list\">\n<li>OSLO UNIVERISTETSSYKEHUS: <strong>Kristin Brandal og Hanne Elisabeth Akselsen<\/strong><\/li>\n<\/ul>\n<\/li>\n<\/ul>\n<p><!-- \/wp:list-item --><!-- wp:list-item --><\/p>\n<ul class=\"wp-block-list\">\n<li style=\"list-style-type: none\">\n<ul class=\"wp-block-list\">\n<li>AKERSHUS UNIVERSITETSSYKEHUS: <strong>Siri Beisland Mortensen<\/strong><\/li>\n<\/ul>\n<\/li>\n<\/ul>\n<p><!-- \/wp:list-item --><!-- wp:list-item --><\/p>\n<ul class=\"wp-block-list\">\n<li style=\"list-style-type: none\">\n<ul class=\"wp-block-list\">\n<li>F\u00dcRST-MEDISINSK LABORATORIUM: <strong>Anette Erlandsen Stigum<\/strong><\/li>\n<\/ul>\n<\/li>\n<\/ul>\n<p><!-- \/wp:list-item --><!-- wp:list-item --><\/p>\n<ul class=\"wp-block-list\">\n<li style=\"list-style-type: none\">\n<ul class=\"wp-block-list\">\n<li>HAUEKLAND UNIVERSITETSSJUKEHUS: <strong>Rebecca Irene Breistein<\/strong><\/li>\n<\/ul>\n<\/li>\n<\/ul>\n<p><!-- \/wp:list-item --><!-- wp:list-item --><\/p>\n<ul class=\"wp-block-list\">\n<li style=\"list-style-type: none\">\n<ul class=\"wp-block-list\">\n<li>HELSE STAVANGER-STAVANGER UNIVERSITETSSJUKEHUS: <strong>Lene Mikkelsen<\/strong><\/li>\n<\/ul>\n<\/li>\n<\/ul>\n<p><!-- \/wp:list-item --><!-- wp:list-item --><\/p>\n<ul class=\"wp-block-list\">\n<li style=\"list-style-type: none\">\n<ul class=\"wp-block-list\">\n<li>SYKEHUSET INNLANDET: <strong>Heidi Kolseth<\/strong><\/li>\n<\/ul>\n<\/li>\n<\/ul>\n<p><!-- \/wp:list-item --><!-- wp:list-item --><\/p>\n<ul class=\"wp-block-list\">\n<li style=\"list-style-type: none\">\n<ul class=\"wp-block-list\">\n<li>UNIVERSITETSSYKEHUSET NORD-NORGE: <strong>Lisbeth Hansen<\/strong><\/li>\n<\/ul>\n<\/li>\n<\/ul>\n<p><!-- \/wp:list-item --><!-- wp:list-item --><\/p>\n<ul class=\"wp-block-list\">\n<li style=\"list-style-type: none\">\n<ul class=\"wp-block-list\">\n<li>UNIVERSITETET I INNLANDET: <strong>Else Berit Stenseth<\/strong>\u00a0<a href=\"elseberit.stenseth@inn.no\">elseberit.stenseth@inn.no<\/a><strong>\u00a0 \u00a0 \u00a0 \u00a0 \u00a0 \u00a0 \u00a0 \u00a0 \u00a0 \u00a0 \u00a0 \u00a0 \u00a0 \u00a0 \u00a0 \u00a0 \u00a0 \u00a0 \u00a0 \u00a0 \u00a0 \u00a0 \u00a0 \u00a0 \u00a0 \u00a0 \u00a0 \u00a0 \u00a0 \u00a0 \u00a0 <\/strong><strong>Elisabeth Ersv\u00e6r<\/strong>\u00a0<a href=\"elisabeth.ersvar@inn.no\">elisabeth.ersvar@inn.no<\/a><\/li>\n<\/ul>\n<\/li>\n<\/ul>\n<p><!-- \/wp:list-item --><!-- wp:list-item --><\/p>\n<ul class=\"wp-block-list\">\n<li style=\"list-style-type: none\">\n<ul class=\"wp-block-list\">\n<li>H\u00d8GSKULEN P\u00c5 VESTLANDET: <strong>Trond Brattelid<\/strong>\u00a0<a href=\"Trond.Brattelid@hvl.no\">Trond.Brattelid@hvl.no<\/a><\/li>\n<\/ul>\n<\/li>\n<\/ul>\n<p><!-- \/wp:list-item --><!-- wp:list-item --><\/p>\n<ul class=\"wp-block-list\">\n<li style=\"list-style-type: none\">\n<ul class=\"wp-block-list\">\n<li>H\u00d8GSKOLEN I \u00d8STFOLD:\u00a0 <strong>Linda Syversen<\/strong>\u00a0<a href=\"lindasyversen@hiof.no\">lindasyversen@hiof.no<\/a> <strong>\u00a0Runa Berg \u00d8stby<\/strong>\u00a0<a href=\"runa.b.ostby@hiof.no\">runa.b.ostby@hiof.no<\/a><strong>\u00a0 \u00a0 \u00a0 \u00a0 \u00a0 \u00a0 \u00a0 \u00a0 \u00a0 \u00a0 \u00a0 \u00a0 \u00a0 \u00a0 \u00a0 \u00a0 \u00a0 \u00a0 \u00a0 \u00a0 \u00a0 \u00a0 \u00a0 \u00a0 \u00a0 \u00a0 \u00a0 \u00a0 \u00a0 \u00a0 \u00a0 \u00a0 \u00a0 \u00a0 \u00a0 \u00a0 \u00a0 \u00a0 \u00a0 \u00a0 \u00a0 \u00a0 \u00a0 \u00a0 \u00a0 \u00a0 \u00a0 \u00a0 \u00a0 \u00a0 \u00a0 \u00a0 \u00a0 \u00a0 \u00a0 \u00a0 \u00a0 \u00a0 \u00a0 \u00a0 \u00a0 \u00a0 \u00a0 \u00a0 \u00a0 \u00a0 \u00a0 \u00a0 \u00a0 \u00a0 \u00a0 \u00a0 \u00a0 \u00a0 \u00a0 \u00a0 \u00a0 \u00a0 \u00a0 \u00a0 \u00a0 \u00a0 \u00a0 \u00a0 \u00a0 \u00a0 \u00a0 \u00a0 \u00a0 \u00a0 \u00a0 \u00a0 \u00a0 \u00a0 \u00a0 \u00a0 \u00a0 <\/strong><strong>Bente Marie Jacobsen<\/strong>\u00a0<a href=\"bente.m.jacobsen@hiof.no\">bente.m.jacobsen@hiof.no<\/a><strong> \u00a0<\/strong><strong>Anette Cristensen Lie-Jensen<\/strong>\u00a0<a href=\"anette.lie-jensen@hiof.no\">anette.lie-jensen@hiof.no<\/a><strong>\u00a0<\/strong><\/li>\n<\/ul>\n<\/li>\n<\/ul>\n<p><!-- \/wp:list-item --><!-- wp:list-item --><\/p>\n<ul class=\"wp-block-list\">\n<li style=\"list-style-type: none\">\n<ul class=\"wp-block-list\">\n<li>NTNU: <strong>Eli Kj\u00f8bli<\/strong>\u00a0<a href=\"eli.kjobli@ntnu.no\">eli.kjobli@ntnu.no<\/a><strong>\u00a0 Ina M\u00f8ller<\/strong>\u00a0<a href=\"ina.moller@ntnu.no\">ina.moller@ntnu.no<\/a><\/li>\n<\/ul>\n<\/li>\n<\/ul>\n<p><!-- \/wp:list-item --><!-- wp:list-item --><\/p>\n<ul class=\"wp-block-list\">\n<li style=\"list-style-type: none\">\n<ul class=\"wp-block-list\">\n<li>OSLOMET <strong>May-Tove Furuseth\u00a0 Vivi Volden<\/strong><\/li>\n<\/ul>\n<\/li>\n<\/ul>\n<p><!-- \/wp:list-item --><!-- wp:list-item --><\/p>\n<ul class=\"wp-block-list\">\n<li style=\"list-style-type: none\">\n<ul class=\"wp-block-list\">\n<li>UNIVERSITETET I AGDER: <strong>Anne Katrine Kvissel<\/strong>\u00a0<a href=\"anne.k.kvissel@uia.no\">anne.k.kvissel@uia.no<\/a><strong>\u00a0 Vigdis Landsverk<\/strong>\u00a0<a href=\"vigdis.landsverk@uia.no\">vigdis.landsverk@uia.no<\/a><\/li>\n<\/ul>\n<\/li>\n<\/ul>\n<p><!-- \/wp:list-item --><!-- wp:list-item --><\/p>\n<ul class=\"wp-block-list\">\n<li style=\"list-style-type: none\">\n<ul class=\"wp-block-list\">\n<li>UIT NORGES ARKTISKE UNIVERSITET: <strong>Ann Iren Solli<\/strong>\u00a0<a href=\"ann.i.solli@uit.no\">ann.i.solli@uit.no<\/a><\/li>\n<\/ul>\n<\/li>\n<\/ul>\n<p><!-- \/wp:list-item --><\/p>\n<p><!-- \/wp:list --><\/p>\n<\/li>\n<\/ul>\n<\/li>\n<\/ul>\n<p><!-- \/wp:list-item --><\/p>\n<p><!-- \/wp:list --><\/p>\t\t\t\t\t\t\t\t<\/div>\n\t\t\t\t<\/div>\n\t\t\t\t\t<\/div>\n\t\t\t\t<\/div>\n\t\t\t\t<\/div>\n\t\t","protected":false},"excerpt":{"rendered":"<p>CaseMedLab er utviklet for bioingeni\u00f8rstudenter, l\u00e6rere og veiledere \u2013 men ogs\u00e5 for oppl\u00e6ringssituasjoner i arbeidslivet innenfor laboratoriemedisin. Hovedm\u00e5let for CaseMedLab er \u00e5 bidra til at alle bioingeni\u00f8rstudenter kan f\u00e5 et samstemt undervisningsgrunnlag &#8211; ved \u00e5 samarbeide p\u00e5 tvers av utdanningsinstitusjoner og med arbeidslivet. Vi \u00f8nsker med CaseMedLab \u00e5 frigj\u00f8re tid til aktiv l\u00e6ring i det [&hellip;]<\/p>\n","protected":false},"author":21,"featured_media":0,"parent":0,"menu_order":0,"comment_status":"closed","ping_status":"closed","template":"","meta":{"_eb_attr":"","footnotes":""},"class_list":["post-223","page","type-page","status-publish","hentry"],"_links":{"self":[{"href":"https:\/\/elearning.uia.no\/casemedlab\/wp-json\/wp\/v2\/pages\/223","targetHints":{"allow":["GET"]}}],"collection":[{"href":"https:\/\/elearning.uia.no\/casemedlab\/wp-json\/wp\/v2\/pages"}],"about":[{"href":"https:\/\/elearning.uia.no\/casemedlab\/wp-json\/wp\/v2\/types\/page"}],"author":[{"embeddable":true,"href":"https:\/\/elearning.uia.no\/casemedlab\/wp-json\/wp\/v2\/users\/21"}],"replies":[{"embeddable":true,"href":"https:\/\/elearning.uia.no\/casemedlab\/wp-json\/wp\/v2\/comments?post=223"}],"version-history":[{"count":41,"href":"https:\/\/elearning.uia.no\/casemedlab\/wp-json\/wp\/v2\/pages\/223\/revisions"}],"predecessor-version":[{"id":1684,"href":"https:\/\/elearning.uia.no\/casemedlab\/wp-json\/wp\/v2\/pages\/223\/revisions\/1684"}],"wp:attachment":[{"href":"https:\/\/elearning.uia.no\/casemedlab\/wp-json\/wp\/v2\/media?parent=223"}],"curies":[{"name":"wp","href":"https:\/\/api.w.org\/{rel}","templated":true}]}}